{"id":22304,"date":"2024-11-02T12:58:55","date_gmt":"2024-11-02T12:58:55","guid":{"rendered":"https:\/\/everx.com\/product\/siemens-arcadis-orbic-3d-brazo-en-c-4274\/"},"modified":"2024-11-23T11:04:49","modified_gmt":"2024-11-23T11:04:49","slug":"siemens-arcadis-orbic-3d-brazo-en-c-4274","status":"publish","type":"product","link":"https:\/\/everx.com\/es\/product\/siemens-arcadis-orbic-3d-brazo-en-c-4274\/","title":{"rendered":"Siemens Arcadis Orbic 3D Brazo en C-4274"},"content":{"rendered":"<p><span style=\"color: #cb2026;\"><strong>Este sistema se vende actualmente. Av\u00edsanos si buscas una m\u00e1quina similar. <\/strong><\/span><\/p>\n<p>Siemens Arcadis Orbic 3D Brazo en C Fabricado en 2005 Ubicaci\u00f3n actual : EEUU Contacta con nosotros para m\u00e1s detalles.<\/p>\n","protected":false},"excerpt":{"rendered":"<p>Este sistema se vende actualmente. Av\u00edsanos si buscas una m\u00e1quina similar. Siemens Arcadis Orbic 3D Brazo en C Fabricado en 2005 Ubicaci\u00f3n actual : EEUU Contacta con nosotros para m\u00e1s detalles.<\/p>\n","protected":false},"featured_media":31346,"comment_status":"open","ping_status":"closed","template":"","meta":{"_acf_changed":false},"product_brand":[],"product_cat":[492],"product_tag":[496,523,486],"class_list":{"0":"post-22304","1":"product","2":"type-product","3":"status-publish","4":"has-post-thumbnail","6":"product_cat-mobile-c-arm-opg-dexa-es","7":"product_tag-ee-uu","8":"product_tag-siemens-es","9":"product_tag-vendido","11":"first","12":"outofstock","13":"shipping-taxable","14":"purchasable","15":"product-type-simple"},"acf":[],"jetpack_sharing_enabled":true,"_links":{"self":[{"href":"https:\/\/everx.com\/es\/wp-json\/wp\/v2\/product\/22304","targetHints":{"allow":["GET"]}}],"collection":[{"href":"https:\/\/everx.com\/es\/wp-json\/wp\/v2\/product"}],"about":[{"href":"https:\/\/everx.com\/es\/wp-json\/wp\/v2\/types\/product"}],"replies":[{"embeddable":true,"href":"https:\/\/everx.com\/es\/wp-json\/wp\/v2\/comments?post=22304"}],"wp:featuredmedia":[{"embeddable":true,"href":"https:\/\/everx.com\/es\/wp-json\/wp\/v2\/media\/31346"}],"wp:attachment":[{"href":"https:\/\/everx.com\/es\/wp-json\/wp\/v2\/media?parent=22304"}],"wp:term":[{"taxonomy":"product_brand","embeddable":true,"href":"https:\/\/everx.com\/es\/wp-json\/wp\/v2\/product_brand?post=22304"},{"taxonomy":"product_cat","embeddable":true,"href":"https:\/\/everx.com\/es\/wp-json\/wp\/v2\/product_cat?post=22304"},{"taxonomy":"product_tag","embeddable":true,"href":"https:\/\/everx.com\/es\/wp-json\/wp\/v2\/product_tag?post=22304"}],"curies":[{"name":"wp","href":"https:\/\/api.w.org\/{rel}","templated":true}]}}