{"id":22296,"date":"2024-11-02T12:58:55","date_gmt":"2024-11-02T12:58:55","guid":{"rendered":"https:\/\/everx.com\/product\/ge-oec9800-esp-4448\/"},"modified":"2024-11-23T11:04:50","modified_gmt":"2024-11-23T11:04:50","slug":"ge-oec9800-esp-4448","status":"publish","type":"product","link":"https:\/\/everx.com\/es\/product\/ge-oec9800-esp-4448\/","title":{"rendered":"GE OEC9800 ESP-4448"},"content":{"rendered":"<p><span style=\"color: #cb2026;\"><strong>Este sistema se vende actualmente. Av\u00edsanos si buscas una m\u00e1quina similar. <\/strong><\/span><\/p>\n<p>GE OEC9800 ESP usado Fabricado: Noviembre de 2004 Ubicaci\u00f3n actual : EE.UU. Estaci\u00f3n de trabajo IITV de 9 pulgadas 1K X 1K SW ver: WS 5.7.95 Versi\u00f3n 30<\/p>\n","protected":false},"excerpt":{"rendered":"<p>Este sistema se vende actualmente. Av\u00edsanos si buscas una m\u00e1quina similar. GE OEC9800 ESP usado Fabricado: Noviembre de 2004 Ubicaci\u00f3n actual : EE.UU. Estaci\u00f3n de trabajo IITV de 9 pulgadas 1K X 1K SW ver: WS 5.7.95 Versi\u00f3n 30<\/p>\n","protected":false},"featured_media":31328,"comment_status":"open","ping_status":"closed","template":"","meta":{"_acf_changed":false},"product_brand":[],"product_cat":[492],"product_tag":[496,239,486],"class_list":{"0":"post-22296","1":"product","2":"type-product","3":"status-publish","4":"has-post-thumbnail","6":"product_cat-mobile-c-arm-opg-dexa-es","7":"product_tag-ee-uu","8":"product_tag-ge-es","9":"product_tag-vendido","11":"first","12":"outofstock","13":"shipping-taxable","14":"purchasable","15":"product-type-simple"},"acf":[],"jetpack_sharing_enabled":true,"_links":{"self":[{"href":"https:\/\/everx.com\/es\/wp-json\/wp\/v2\/product\/22296","targetHints":{"allow":["GET"]}}],"collection":[{"href":"https:\/\/everx.com\/es\/wp-json\/wp\/v2\/product"}],"about":[{"href":"https:\/\/everx.com\/es\/wp-json\/wp\/v2\/types\/product"}],"replies":[{"embeddable":true,"href":"https:\/\/everx.com\/es\/wp-json\/wp\/v2\/comments?post=22296"}],"wp:featuredmedia":[{"embeddable":true,"href":"https:\/\/everx.com\/es\/wp-json\/wp\/v2\/media\/31328"}],"wp:attachment":[{"href":"https:\/\/everx.com\/es\/wp-json\/wp\/v2\/media?parent=22296"}],"wp:term":[{"taxonomy":"product_brand","embeddable":true,"href":"https:\/\/everx.com\/es\/wp-json\/wp\/v2\/product_brand?post=22296"},{"taxonomy":"product_cat","embeddable":true,"href":"https:\/\/everx.com\/es\/wp-json\/wp\/v2\/product_cat?post=22296"},{"taxonomy":"product_tag","embeddable":true,"href":"https:\/\/everx.com\/es\/wp-json\/wp\/v2\/product_tag?post=22296"}],"curies":[{"name":"wp","href":"https:\/\/api.w.org\/{rel}","templated":true}]}}